{"id":19,"date":"2024-03-28T16:10:15","date_gmt":"2024-03-28T14:10:15","guid":{"rendered":"https:\/\/deltapalacesulina.ro\/?page_id=19"},"modified":"2024-08-02T17:10:49","modified_gmt":"2024-08-02T14:10:49","slug":"excursii","status":"publish","type":"page","link":"https:\/\/deltapalacesulina.ro\/en\/excursii\/","title":{"rendered":"Excursions"},"content":{"rendered":"<div data-elementor-type=\"wp-page\" data-elementor-id=\"19\" class=\"elementor elementor-19\" data-elementor-post-type=\"page\">\n\t\t\t\t<div class=\"elementor-element elementor-element-9976d02 e-flex e-con-boxed e-con e-parent\" data-id=\"9976d02\" data-element_type=\"container\" data-settings=\"{&quot;background_background&quot;:&quot;classic&quot;}\">\n\t\t\t\t\t<div class=\"e-con-inner\">\n\t\t\t\t<div class=\"elementor-element elementor-element-957fa7e elementor-widget elementor-widget-heading\" data-id=\"957fa7e\" data-element_type=\"widget\" data-widget_type=\"heading.default\">\n\t\t\t\t<div class=\"elementor-widget-container\">\n\t\t\t<style>\/*! elementor - v3.22.0 - 26-06-2024 *\/\n.elementor-heading-title{padding:0;margin:0;line-height:1}.elementor-widget-heading .elementor-heading-title[class*=elementor-size-]>a{color:inherit;font-size:inherit;line-height:inherit}.elementor-widget-heading .elementor-heading-title.elementor-size-small{font-size:15px}.elementor-widget-heading .elementor-heading-title.elementor-size-medium{font-size:19px}.elementor-widget-heading .elementor-heading-title.elementor-size-large{font-size:29px}.elementor-widget-heading .elementor-heading-title.elementor-size-xl{font-size:39px}.elementor-widget-heading .elementor-heading-title.elementor-size-xxl{font-size:59px}<\/style><h1 class=\"elementor-heading-title elementor-size-default\">Excursions<\/h1>\t\t<\/div>\n\t\t\t\t<\/div>\n\t\t\t\t\t<\/div>\n\t\t\t\t<\/div>\n\t\t<div class=\"elementor-element elementor-element-90b9f91 e-flex e-con-boxed e-con e-parent\" data-id=\"90b9f91\" data-element_type=\"container\">\n\t\t\t\t\t<div class=\"e-con-inner\">\n\t\t\t\t<div class=\"elementor-element elementor-element-d2ebe67 elementor-widget elementor-widget-heading\" data-id=\"d2ebe67\" data-element_type=\"widget\" data-widget_type=\"heading.default\">\n\t\t\t\t<div class=\"elementor-widget-container\">\n\t\t\t<h2 class=\"elementor-heading-title elementor-size-default\">Welcome to Delta Palace Sulina, the starting point for a memorable journey in the Danube Delta! <\/h2>\t\t<\/div>\n\t\t\t\t<\/div>\n\t\t\t\t<div class=\"elementor-element elementor-element-9c4f5db elementor-widget elementor-widget-text-editor\" data-id=\"9c4f5db\" data-element_type=\"widget\" data-widget_type=\"text-editor.default\">\n\t\t\t\t<div class=\"elementor-widget-container\">\n\t\t\t<style>\/*! elementor - v3.22.0 - 26-06-2024 *\/\n.elementor-widget-text-editor.elementor-drop-cap-view-stacked .elementor-drop-cap{background-color:#69727d;color:#fff}.elementor-widget-text-editor.elementor-drop-cap-view-framed .elementor-drop-cap{color:#69727d;border:3px solid;background-color:transparent}.elementor-widget-text-editor:not(.elementor-drop-cap-view-default) .elementor-drop-cap{margin-top:8px}.elementor-widget-text-editor:not(.elementor-drop-cap-view-default) .elementor-drop-cap-letter{width:1em;height:1em}.elementor-widget-text-editor .elementor-drop-cap{float:left;text-align:center;line-height:1;font-size:50px}.elementor-widget-text-editor .elementor-drop-cap-letter{display:inline-block}<\/style>\t\t\t\t<p>We are waiting for you to enjoy the magic of the Danube Delta between sunrise and sunset, the beauty and tranquility of this vacation destination!<\/p><p>Excursions departing from Sulina are a wonderful and pleasant way to relax, <br \/>- a unique experience of exploring the natural beauties of the Danube Delta, <br \/>\u2013 an unforgettable adventure for anyone who loves nature with walks on exciting trails in one of the most charming places in Romania.<\/p><p>For moments of relaxation, peace and recreation, we invite you to enjoy the Sulina beach with the finest sand in Europe. <br \/>- the ideal place to enjoy the sun, tan and the sea, <br \/>- the ideal place to disconnect from everyday stress and recharge your batteries<\/p>\t\t\t\t\t\t<\/div>\n\t\t\t\t<\/div>\n\t\t<div class=\"elementor-element elementor-element-844d212 e-con-full e-flex e-con e-child\" data-id=\"844d212\" data-element_type=\"container\">\n\t\t\t\t<div class=\"elementor-element elementor-element-3372529 elementor-widget elementor-widget-heading\" data-id=\"3372529\" data-element_type=\"widget\" data-widget_type=\"heading.default\">\n\t\t\t\t<div class=\"elementor-widget-container\">\n\t\t\t<h4 class=\"elementor-heading-title elementor-size-default\">\"Gura de Varsare\" <\/h4>\t\t<\/div>\n\t\t\t\t<\/div>\n\t\t\t\t<div class=\"elementor-element elementor-element-4c12ba4 elementor-widget elementor-widget-text-editor\" data-id=\"4c12ba4\" data-element_type=\"widget\" data-widget_type=\"text-editor.default\">\n\t\t\t\t<div class=\"elementor-widget-container\">\n\t\t\t\t\t\t\t<p>-Departure Port Sulina (Ponton Delta Palace) <br \/>-Old Lighthouse <br \/>-Meteo Station <br \/>-New Lighthouse <br \/>-Danube's Spout <br \/>-K Island (The Isle of Birds) <br \/>- Crossing Musura Bay <br \/>- Channel Cherhana <br \/>-Port Sulina<\/p><p>The approximate duration of the trip is <strong>2 hours<\/strong> <br \/><strong>60 RON\/Person <\/strong><\/p>\t\t\t\t\t\t<\/div>\n\t\t\t\t<\/div>\n\t\t\t\t<\/div>\n\t\t<div class=\"elementor-element elementor-element-c789de6 e-con-full e-flex e-con e-child\" data-id=\"c789de6\" data-element_type=\"container\">\n\t\t\t\t<div class=\"elementor-element elementor-element-22047eb elementor-widget elementor-widget-heading\" data-id=\"22047eb\" data-element_type=\"widget\" data-widget_type=\"heading.default\">\n\t\t\t\t<div class=\"elementor-widget-container\">\n\t\t\t<h4 class=\"elementor-heading-title elementor-size-default\">Traseul \"Lacul Rosu\" <\/h4>\t\t<\/div>\n\t\t\t\t<\/div>\n\t\t\t\t<div class=\"elementor-element elementor-element-dec8987 elementor-widget elementor-widget-text-editor\" data-id=\"dec8987\" data-element_type=\"widget\" data-widget_type=\"text-editor.default\">\n\t\t\t\t<div class=\"elementor-widget-container\">\n\t\t\t\t\t\t\t<p>-Departure Port Sulina (Ponton Delta Palace) <br \/>-Busurca channel <br \/>- Vatafu Channel<br \/>-Imputita <br \/>- Lake Rosulet <br \/>- Lake Rosu <br \/>- Visit Cherhana Rosulet <br \/>- The Cordon Litoral channel <br \/>- Channel 4 <br \/>-Port Sulina<\/p><p>The approximate duration of the trip is <strong>3 hours<\/strong>. <br \/><strong>70 RON\/Person <\/strong><\/p>\t\t\t\t\t\t<\/div>\n\t\t\t\t<\/div>\n\t\t\t\t<\/div>\n\t\t<div class=\"elementor-element elementor-element-dd9b464 e-con-full e-flex e-con e-child\" data-id=\"dd9b464\" data-element_type=\"container\">\n\t\t\t\t<div class=\"elementor-element elementor-element-ebbf87e elementor-widget elementor-widget-heading\" data-id=\"ebbf87e\" data-element_type=\"widget\" data-widget_type=\"heading.default\">\n\t\t\t\t<div class=\"elementor-widget-container\">\n\t\t\t<h4 class=\"elementor-heading-title elementor-size-default\">\"Letea\" <\/h4>\t\t<\/div>\n\t\t\t\t<\/div>\n\t\t\t\t<div class=\"elementor-element elementor-element-0e6aa47 elementor-widget elementor-widget-text-editor\" data-id=\"0e6aa47\" data-element_type=\"widget\" data-widget_type=\"text-editor.default\">\n\t\t\t\t<div class=\"elementor-widget-container\">\n\t\t\t\t\t\t\t<p>-Departure Port Sulina (Ponton Delta Palace) <br \/>-Cardon Channel <br \/>-Barbosu water lily canal <br \/>- Cardon village <br \/>- Travel by car (SAFARI), Rosetti village, Letea Forest (sand dunes, wild horses, return to Cardon village, optional traditional meal) <br \/>- The boat adventure continues on the Cardon Canal, Musura Gulf (pelicans, cormorants, swans) <br \/>-Port Sulina <\/p><p>The approximate duration of the trip is <strong>5 hours\/with served meal 6 hours<\/strong> <br \/><strong>80 RON\/Person<\/strong> <br \/><strong>\u00a0 \u00a0TRADITIONAL FISHING MEAL<\/strong> \u2013 Letea \u2013 80 RON\/Person <br \/><strong>\u00a0 \u00a0SAFARI PADUREA Letea<\/strong> - 30 RON\/Person <br \/><strong>\u00a0 \u00a0Forest Access<\/strong> \u2013 10 RON\/Person<\/p>\t\t\t\t\t\t<\/div>\n\t\t\t\t<\/div>\n\t\t\t\t<\/div>\n\t\t<div class=\"elementor-element elementor-element-fbf91e8 e-con-full e-flex e-con e-child\" data-id=\"fbf91e8\" data-element_type=\"container\">\n\t\t\t\t<div class=\"elementor-element elementor-element-a984d86 elementor-widget elementor-widget-heading\" data-id=\"a984d86\" data-element_type=\"widget\" data-widget_type=\"heading.default\">\n\t\t\t\t<div class=\"elementor-widget-container\">\n\t\t\t<h4 class=\"elementor-heading-title elementor-size-default\">\"Sfantu Gheorghe\" <\/h4>\t\t<\/div>\n\t\t\t\t<\/div>\n\t\t\t\t<div class=\"elementor-element elementor-element-392f98d elementor-widget elementor-widget-text-editor\" data-id=\"392f98d\" data-element_type=\"widget\" data-widget_type=\"text-editor.default\">\n\t\t\t\t<div class=\"elementor-widget-container\">\n\t\t\t\t\t\t\t<p>-Departure Port Sulina Pontoon Delta Palace) <br \/>-Busurca channel <br \/>- Vatafu-lmputita channel <br \/>-Lake Rosulet\/Lake Rosu<\/p>\t\t\t\t\t\t<\/div>\n\t\t\t\t<\/div>\n\t\t\t\t<\/div>\n\t\t<div class=\"elementor-element elementor-element-5618611 e-con-full e-flex e-con e-child\" data-id=\"5618611\" data-element_type=\"container\">\n\t\t\t\t<div class=\"elementor-element elementor-element-5bf8d99 elementor-widget elementor-widget-heading\" data-id=\"5bf8d99\" data-element_type=\"widget\" data-widget_type=\"heading.default\">\n\t\t\t\t<div class=\"elementor-widget-container\">\n\t\t\t<h4 class=\"elementor-heading-title elementor-size-default\">\"MINI TOUR\" <\/h4>\t\t<\/div>\n\t\t\t\t<\/div>\n\t\t\t\t<div class=\"elementor-element elementor-element-e6ab9dd elementor-widget elementor-widget-text-editor\" data-id=\"e6ab9dd\" data-element_type=\"widget\" data-widget_type=\"text-editor.default\">\n\t\t\t\t<div class=\"elementor-widget-container\">\n\t\t\t\t\t\t\t<p>-Departure Port Sulina (Ponton Delta Palace) <br \/>-Cardon channel <br \/>-Barbosu water lily canal <br \/>-Narrow Channel <br \/>- Cardon village stop <br \/>-Musura Pasari Bay <br \/>- Exit Golf Musura <br \/>-Port Sulina <\/p><p>The approximate duration of the trip is <strong>3-4 hours<\/strong> <br \/><strong>70 RON\/Person <\/strong><\/p>\t\t\t\t\t\t<\/div>\n\t\t\t\t<\/div>\n\t\t\t\t<\/div>\n\t\t\t\t<div class=\"elementor-element elementor-element-5cba43c elementor-widget elementor-widget-text-editor\" data-id=\"5cba43c\" data-element_type=\"widget\" data-widget_type=\"text-editor.default\">\n\t\t\t\t<div class=\"elementor-widget-container\">\n\t\t\t\t\t\t\t<p>For the Tulcea-Sulina transfer and return, we discuss in the period close to your stay, 3-5 days before (we can help you book the transfer) <br \/>Sulina can only be reached by water, with the fast boats from the city of Tulcea. <br \/>- the transfer on the water with the fast boats is a comfortable and safe experience, without worries, the program being every two hours (10, 12, 14, 16 and the last one at 18),<br \/>- 100 lei\/person\/route duration 1 hour and 30 minutes (children 0-5 years old free, and those over 5 years old pay the whole ticket) <\/p>\t\t\t\t\t\t<\/div>\n\t\t\t\t<\/div>\n\t\t\t\t\t<\/div>\n\t\t\t\t<\/div>\n\t\t\t\t<\/div>","protected":false},"excerpt":{"rendered":"<p>Excursii Bun venit la Delta Palace Sulina , punctul de plecare c\u0103tre o c\u0103l\u0103torie memorabil\u0103 \u00een Delta Dunarii! Va asteptam cu drag sa va bucurati de magia Deltei Dunarii intre rasarit si apus, de frumusetea si linistea acestei destinatii de vacanta ! Excursiile cu plecare din Sulina sunt o modalitate minunat\u0103 si pl\u0103cut\u0103 de relaxare, [&hellip;]<\/p>","protected":false},"author":1,"featured_media":0,"parent":0,"menu_order":0,"comment_status":"closed","ping_status":"closed","template":"","meta":{"inline_featured_image":false,"footnotes":""},"_links":{"self":[{"href":"https:\/\/deltapalacesulina.ro\/en\/wp-json\/wp\/v2\/pages\/19"}],"collection":[{"href":"https:\/\/deltapalacesulina.ro\/en\/wp-json\/wp\/v2\/pages"}],"about":[{"href":"https:\/\/deltapalacesulina.ro\/en\/wp-json\/wp\/v2\/types\/page"}],"author":[{"embeddable":true,"href":"https:\/\/deltapalacesulina.ro\/en\/wp-json\/wp\/v2\/users\/1"}],"replies":[{"embeddable":true,"href":"https:\/\/deltapalacesulina.ro\/en\/wp-json\/wp\/v2\/comments?post=19"}],"version-history":[{"count":26,"href":"https:\/\/deltapalacesulina.ro\/en\/wp-json\/wp\/v2\/pages\/19\/revisions"}],"predecessor-version":[{"id":1417,"href":"https:\/\/deltapalacesulina.ro\/en\/wp-json\/wp\/v2\/pages\/19\/revisions\/1417"}],"wp:attachment":[{"href":"https:\/\/deltapalacesulina.ro\/en\/wp-json\/wp\/v2\/media?parent=19"}],"curies":[{"name":"wp","href":"https:\/\/api.w.org\/{rel}","templated":true}]}}